{"id":122470,"date":"2018-05-16T10:47:44","date_gmt":"2018-05-16T10:47:44","guid":{"rendered":"http:\/\/savitar.it\/prodotto\/wild-boar-ragout\/"},"modified":"2019-10-31T14:27:42","modified_gmt":"2019-10-31T14:27:42","slug":"wild-boar-ragout","status":"publish","type":"product","link":"https:\/\/savitar.it\/en\/prodotto\/wild-boar-ragout\/","title":{"rendered":"Wild boar ragout"},"content":{"rendered":"<p>[et_pb_section fb_built=&#8221;1&#8243; _builder_version=&#8221;3.22&#8243; custom_padding=&#8221;0px||||false|false&#8221;][et_pb_row _builder_version=&#8221;3.25&#8243; background_size=&#8221;initial&#8221; background_position=&#8221;top_left&#8221; background_repeat=&#8221;repeat&#8221; width=&#8221;100%&#8221; custom_padding=&#8221;0px||0px||false|false&#8221;][et_pb_column type=&#8221;4_4&#8243; _builder_version=&#8221;3.25&#8243; custom_padding=&#8221;|||&#8221; custom_padding__hover=&#8221;|||&#8221;][et_pb_wc_breadcrumb _builder_version=&#8221;3.0.47&#8243;][\/et_pb_wc_breadcrumb][et_pb_wc_cart_notice _builder_version=&#8221;3.0.47&#8243;][\/et_pb_wc_cart_notice][\/et_pb_column][\/et_pb_row][et_pb_row _builder_version=&#8221;3.25&#8243; background_size=&#8221;initial&#8221; background_position=&#8221;top_left&#8221; background_repeat=&#8221;repeat&#8221; width=&#8221;100%&#8221; custom_padding=&#8221;0px||||false|false&#8221; column_structure=&#8221;1_2,1_2&#8243;][et_pb_column type=&#8221;1_2&#8243; _builder_version=&#8221;3.25&#8243; custom_padding=&#8221;|||&#8221; custom_padding__hover=&#8221;|||&#8221;][et_pb_wc_images _builder_version=&#8221;3.0.47&#8243;][\/et_pb_wc_images][\/et_pb_column][et_pb_column type=&#8221;1_2&#8243; _builder_version=&#8221;3.25&#8243; custom_padding=&#8221;|||&#8221; custom_padding__hover=&#8221;|||&#8221;][et_pb_wc_title _builder_version=&#8221;3.0.47&#8243;][\/et_pb_wc_title][et_pb_wc_rating _builder_version=&#8221;3.0.47&#8243;][\/et_pb_wc_rating][et_pb_wc_price _builder_version=&#8221;3.0.47&#8243;][\/et_pb_wc_price][et_pb_wc_description _builder_version=&#8221;3.0.47&#8243;][\/et_pb_wc_description][et_pb_wc_add_to_cart _builder_version=&#8221;3.0.47&#8243;][\/et_pb_wc_add_to_cart][et_pb_wc_meta _builder_version=&#8221;3.0.47&#8243;][\/et_pb_wc_meta][\/et_pb_column][\/et_pb_row][et_pb_row _builder_version=&#8221;3.25&#8243; background_size=&#8221;initial&#8221; background_position=&#8221;top_left&#8221; background_repeat=&#8221;repeat&#8221; width=&#8221;100%&#8221;][et_pb_column type=&#8221;4_4&#8243; _builder_version=&#8221;3.25&#8243; custom_padding=&#8221;|||&#8221; custom_padding__hover=&#8221;|||&#8221;][et_pb_wc_tabs _builder_version=&#8221;3.0.47&#8243;]\t\t\t\t\t[\/et_pb_wc_tabs][et_pb_wc_upsells _builder_version=&#8221;3.0.47&#8243;][\/et_pb_wc_upsells][et_pb_wc_related_products _builder_version=&#8221;3.0.47&#8243;][\/et_pb_wc_related_products][\/et_pb_column][\/et_pb_row][\/et_pb_section][et_pb_section fb_built=&#8221;1&#8243; _builder_version=&#8221;3.22&#8243; background_color=&#8221;#faf7e4&#8243;][et_pb_row module_class=&#8221;ricette-in-prodotti&#8221; _builder_version=&#8221;3.25&#8243; background_color=&#8221;#faf7e4&#8243;][et_pb_column type=&#8221;4_4&#8243; _builder_version=&#8221;3.25&#8243; background_color=&#8221;#faf4e7&#8243; custom_padding=&#8221;|||&#8221; custom_padding__hover=&#8221;|||&#8221;][et_pb_blog fullwidth=&#8221;off&#8221; posts_number=&#8221;3&#8243; include_categories=&#8221;84&#8243; show_author=&#8221;off&#8221; show_date=&#8221;off&#8221; show_categories=&#8221;off&#8221; _builder_version=&#8221;4.0.4&#8243; background_color=&#8221;#faf7e4&#8243; hover_enabled=&#8221;0&#8243;][\/et_pb_blog][\/et_pb_column][\/et_pb_row][\/et_pb_section]<\/p>\n","protected":false},"excerpt":{"rendered":"<p><em><strong>The authentic intense taste of the Tuscan tradition, able to give character even to the simplest dishes. Mostly appreciated with polenta, but also with egg pasta, in particular with pappardelle or tagliatelle.<\/strong><\/em><\/p>\n<p><span style=\"color: #d5b369;\"><strong>FORMATI DISPONIBILI<\/strong><\/span><\/p>\n<p style=\"text-align: left;\"><img decoding=\"async\" class=\"alignnone wp-image-117387\" src=\"https:\/\/savitar.it\/wp-content\/uploads\/SAVITAR_180g.png\" alt=\"\" width=\"65\" height=\"31\" \/>\u00a0\u00a0\u00a0\u00a0\u00a0<img decoding=\"async\" class=\"alignnone wp-image-117400\" src=\"https:\/\/savitar.it\/wp-content\/uploads\/SAVITAR_270g-15.png\" alt=\"\" width=\"65\" height=\"31\" \/>\u00a0 \u00a0\u00a0<img decoding=\"async\" class=\"alignnone wp-image-117395\" src=\"https:\/\/savitar.it\/wp-content\/uploads\/SAVITAR_500g.png\" alt=\"\" width=\"65\" height=\"31\" \/><\/p>\n<p>&nbsp;<\/p>\n<p>&nbsp;<\/p>\n<p>&nbsp;<\/p>\n<p style=\"text-align: left;\">\n","protected":false},"featured_media":119099,"template":"","meta":{"_et_pb_use_builder":"on","_et_pb_old_content":"<p class=\"p1\"><b><i> Il sapore autentico della tradizione toscana intenso e capace di attribuire carattere anche ai piatti pi\u00f9 semplici. Uno degli abbinamenti pi\u00f9 apprezzati \u00e8 quello con la polenta, con la pasta all\u2019uovo, in particolare con le pappardelle o tagliatelle.<\/i><\/b><\/p>","_et_gb_content_width":""},"product_cat":[96],"product_tag":[],"class_list":{"0":"post-122470","1":"product","2":"type-product","3":"status-publish","4":"has-post-thumbnail","6":"product_cat-specialities","8":"first","9":"instock","10":"shipping-taxable","11":"product-type-simple"},"_links":{"self":[{"href":"https:\/\/savitar.it\/en\/wp-json\/wp\/v2\/product\/122470","targetHints":{"allow":["GET"]}}],"collection":[{"href":"https:\/\/savitar.it\/en\/wp-json\/wp\/v2\/product"}],"about":[{"href":"https:\/\/savitar.it\/en\/wp-json\/wp\/v2\/types\/product"}],"wp:featuredmedia":[{"embeddable":true,"href":"https:\/\/savitar.it\/en\/wp-json\/wp\/v2\/media\/119099"}],"wp:attachment":[{"href":"https:\/\/savitar.it\/en\/wp-json\/wp\/v2\/media?parent=122470"}],"wp:term":[{"taxonomy":"product_cat","embeddable":true,"href":"https:\/\/savitar.it\/en\/wp-json\/wp\/v2\/product_cat?post=122470"},{"taxonomy":"product_tag","embeddable":true,"href":"https:\/\/savitar.it\/en\/wp-json\/wp\/v2\/product_tag?post=122470"}],"curies":[{"name":"wp","href":"https:\/\/api.w.org\/{rel}","templated":true}]}}